{"id":22968,"date":"2022-07-15T16:08:05","date_gmt":"2022-07-15T16:08:05","guid":{"rendered":"https:\/\/ewarehousing.nl\/product\/ewarehousing-rucksack\/"},"modified":"2022-07-15T16:08:05","modified_gmt":"2022-07-15T16:08:05","slug":"ewarehousing-rugtas-2","status":"publish","type":"product","link":"https:\/\/ewarehousing.nl\/de\/produkt\/ewarehousing-rugtas-2\/","title":{"rendered":"eWarehousing Rucksack"},"content":{"rendered":"","protected":false},"excerpt":{"rendered":"<p><span style=\"font-weight: 400;\">Dieser Rucksack sieht nicht nur cool aus, sondern ist auch super praktisch. Ob f\u00fcr sportliche, private oder gesch\u00e4ftliche Zwecke.<\/span><\/p>\n<ul>\n<li>Kostenloser Versand, Lieferung innerhalb von maximal 1 Arbeitstag!<\/li>\n<li>Nicht zufrieden? Geld zur\u00fcck Garantie.<\/li>\n<li>Kostenlose Retoursendung!<\/li>\n<\/ul>\n","protected":false},"featured_media":22891,"template":"","meta":[],"product_brand":[],"product_cat":[88],"product_tag":[89],"class_list":{"0":"post-22968","1":"product","2":"type-product","3":"status-publish","4":"has-post-thumbnail","6":"product_cat-uncategorized-de","7":"product_tag-ewh-de","9":"first","10":"instock","11":"shipping-taxable","12":"purchasable","13":"product-type-simple"},"yoast_head":"<!-- This site is optimized with the Yoast SEO plugin v27.3 - https:\/\/yoast.com\/product\/yoast-seo-wordpress\/ -->\n<title>eWarehousing Rucksack - eWarehousing<\/title>\n<meta name=\"robots\" content=\"index, follow, max-snippet:-1, max-image-preview:large, max-video-preview:-1\" \/>\n<link rel=\"canonical\" href=\"https:\/\/ewarehousing.nl\/product\/ewarehousing-rugtas\/\" \/>\n<meta property=\"og:locale\" content=\"de_DE\" \/>\n<meta property=\"og:type\" content=\"article\" \/>\n<meta property=\"og:title\" content=\"eWarehousing Rucksack - eWarehousing\" \/>\n<meta property=\"og:description\" content=\"Dieser Rucksack sieht nicht nur cool aus, sondern ist auch super praktisch. Ob f\u00fcr sportliche, private oder gesch\u00e4ftliche Zwecke.  Kostenloser Versand, Lieferung innerhalb von maximal 1 Arbeitstag!  Nicht zufrieden? Geld zur\u00fcck Garantie.  Kostenlose Retoursendung!\" \/>\n<meta property=\"og:url\" content=\"https:\/\/ewarehousing.nl\/product\/ewarehousing-rugtas\/\" \/>\n<meta property=\"og:site_name\" content=\"eWarehousing\" \/>\n<meta property=\"og:image\" content=\"https:\/\/ewarehousing.nl\/wp-content\/uploads\/2022\/06\/20220704-_CS22095.jpg\" \/>\n\t<meta property=\"og:image:width\" content=\"1200\" \/>\n\t<meta property=\"og:image:height\" content=\"1200\" \/>\n\t<meta property=\"og:image:type\" content=\"image\/jpeg\" \/>\n<meta name=\"twitter:card\" content=\"summary_large_image\" \/>\n<script type=\"application\/ld+json\" class=\"yoast-schema-graph\">{\"@context\":\"https:\\\/\\\/schema.org\",\"@graph\":[{\"@type\":\"WebPage\",\"@id\":\"https:\\\/\\\/ewarehousing.nl\\\/product\\\/ewarehousing-rugtas\\\/\",\"url\":\"https:\\\/\\\/ewarehousing.nl\\\/product\\\/ewarehousing-rugtas\\\/\",\"name\":\"eWarehousing Rucksack - eWarehousing\",\"isPartOf\":{\"@id\":\"https:\\\/\\\/ewarehousing.nl\\\/#website\"},\"primaryImageOfPage\":{\"@id\":\"https:\\\/\\\/ewarehousing.nl\\\/product\\\/ewarehousing-rugtas\\\/#primaryimage\"},\"image\":{\"@id\":\"https:\\\/\\\/ewarehousing.nl\\\/product\\\/ewarehousing-rugtas\\\/#primaryimage\"},\"thumbnailUrl\":\"https:\\\/\\\/ewarehousing.nl\\\/wp-content\\\/uploads\\\/2022\\\/06\\\/20220704-_CS22095.jpg\",\"datePublished\":\"2022-07-15T16:08:05+00:00\",\"breadcrumb\":{\"@id\":\"https:\\\/\\\/ewarehousing.nl\\\/product\\\/ewarehousing-rugtas\\\/#breadcrumb\"},\"inLanguage\":\"de\",\"potentialAction\":[{\"@type\":\"ReadAction\",\"target\":[\"https:\\\/\\\/ewarehousing.nl\\\/product\\\/ewarehousing-rugtas\\\/\"]}]},{\"@type\":\"ImageObject\",\"inLanguage\":\"de\",\"@id\":\"https:\\\/\\\/ewarehousing.nl\\\/product\\\/ewarehousing-rugtas\\\/#primaryimage\",\"url\":\"https:\\\/\\\/ewarehousing.nl\\\/wp-content\\\/uploads\\\/2022\\\/06\\\/20220704-_CS22095.jpg\",\"contentUrl\":\"https:\\\/\\\/ewarehousing.nl\\\/wp-content\\\/uploads\\\/2022\\\/06\\\/20220704-_CS22095.jpg\",\"width\":1200,\"height\":1200},{\"@type\":\"BreadcrumbList\",\"@id\":\"https:\\\/\\\/ewarehousing.nl\\\/product\\\/ewarehousing-rugtas\\\/#breadcrumb\",\"itemListElement\":[{\"@type\":\"ListItem\",\"position\":1,\"name\":\"Home\",\"item\":\"https:\\\/\\\/ewarehousing.nl\\\/de\\\/\"},{\"@type\":\"ListItem\",\"position\":2,\"name\":\"Shop\",\"item\":\"https:\\\/\\\/ewarehousing.nl\\\/de\\\/shop\\\/\"},{\"@type\":\"ListItem\",\"position\":3,\"name\":\"eWarehousing Rucksack\"}]},{\"@type\":\"WebSite\",\"@id\":\"https:\\\/\\\/ewarehousing.nl\\\/#website\",\"url\":\"https:\\\/\\\/ewarehousing.nl\\\/\",\"name\":\"eWarehousing\",\"description\":\"Uw fulfilment partner\",\"potentialAction\":[{\"@type\":\"SearchAction\",\"target\":{\"@type\":\"EntryPoint\",\"urlTemplate\":\"https:\\\/\\\/ewarehousing.nl\\\/?s={search_term_string}\"},\"query-input\":{\"@type\":\"PropertyValueSpecification\",\"valueRequired\":true,\"valueName\":\"search_term_string\"}}],\"inLanguage\":\"de\"}]}<\/script>\n<!-- \/ Yoast SEO plugin. -->","yoast_head_json":{"title":"eWarehousing Rucksack - eWarehousing","robots":{"index":"index","follow":"follow","max-snippet":"max-snippet:-1","max-image-preview":"max-image-preview:large","max-video-preview":"max-video-preview:-1"},"canonical":"https:\/\/ewarehousing.nl\/product\/ewarehousing-rugtas\/","og_locale":"de_DE","og_type":"article","og_title":"eWarehousing Rucksack - eWarehousing","og_description":"Dieser Rucksack sieht nicht nur cool aus, sondern ist auch super praktisch. Ob f\u00fcr sportliche, private oder gesch\u00e4ftliche Zwecke.  Kostenloser Versand, Lieferung innerhalb von maximal 1 Arbeitstag!  Nicht zufrieden? Geld zur\u00fcck Garantie.  Kostenlose Retoursendung!","og_url":"https:\/\/ewarehousing.nl\/product\/ewarehousing-rugtas\/","og_site_name":"eWarehousing","og_image":[{"width":1200,"height":1200,"url":"https:\/\/ewarehousing.nl\/wp-content\/uploads\/2022\/06\/20220704-_CS22095.jpg","type":"image\/jpeg"}],"twitter_card":"summary_large_image","schema":{"@context":"https:\/\/schema.org","@graph":[{"@type":"WebPage","@id":"https:\/\/ewarehousing.nl\/product\/ewarehousing-rugtas\/","url":"https:\/\/ewarehousing.nl\/product\/ewarehousing-rugtas\/","name":"eWarehousing Rucksack - eWarehousing","isPartOf":{"@id":"https:\/\/ewarehousing.nl\/#website"},"primaryImageOfPage":{"@id":"https:\/\/ewarehousing.nl\/product\/ewarehousing-rugtas\/#primaryimage"},"image":{"@id":"https:\/\/ewarehousing.nl\/product\/ewarehousing-rugtas\/#primaryimage"},"thumbnailUrl":"https:\/\/ewarehousing.nl\/wp-content\/uploads\/2022\/06\/20220704-_CS22095.jpg","datePublished":"2022-07-15T16:08:05+00:00","breadcrumb":{"@id":"https:\/\/ewarehousing.nl\/product\/ewarehousing-rugtas\/#breadcrumb"},"inLanguage":"de","potentialAction":[{"@type":"ReadAction","target":["https:\/\/ewarehousing.nl\/product\/ewarehousing-rugtas\/"]}]},{"@type":"ImageObject","inLanguage":"de","@id":"https:\/\/ewarehousing.nl\/product\/ewarehousing-rugtas\/#primaryimage","url":"https:\/\/ewarehousing.nl\/wp-content\/uploads\/2022\/06\/20220704-_CS22095.jpg","contentUrl":"https:\/\/ewarehousing.nl\/wp-content\/uploads\/2022\/06\/20220704-_CS22095.jpg","width":1200,"height":1200},{"@type":"BreadcrumbList","@id":"https:\/\/ewarehousing.nl\/product\/ewarehousing-rugtas\/#breadcrumb","itemListElement":[{"@type":"ListItem","position":1,"name":"Home","item":"https:\/\/ewarehousing.nl\/de\/"},{"@type":"ListItem","position":2,"name":"Shop","item":"https:\/\/ewarehousing.nl\/de\/shop\/"},{"@type":"ListItem","position":3,"name":"eWarehousing Rucksack"}]},{"@type":"WebSite","@id":"https:\/\/ewarehousing.nl\/#website","url":"https:\/\/ewarehousing.nl\/","name":"eWarehousing","description":"Uw fulfilment partner","potentialAction":[{"@type":"SearchAction","target":{"@type":"EntryPoint","urlTemplate":"https:\/\/ewarehousing.nl\/?s={search_term_string}"},"query-input":{"@type":"PropertyValueSpecification","valueRequired":true,"valueName":"search_term_string"}}],"inLanguage":"de"}]}},"_links":{"self":[{"href":"https:\/\/ewarehousing.nl\/de\/wp-json\/wp\/v2\/product\/22968","targetHints":{"allow":["GET"]}}],"collection":[{"href":"https:\/\/ewarehousing.nl\/de\/wp-json\/wp\/v2\/product"}],"about":[{"href":"https:\/\/ewarehousing.nl\/de\/wp-json\/wp\/v2\/types\/product"}],"wp:featuredmedia":[{"embeddable":true,"href":"https:\/\/ewarehousing.nl\/de\/wp-json\/wp\/v2\/media\/22891"}],"wp:attachment":[{"href":"https:\/\/ewarehousing.nl\/de\/wp-json\/wp\/v2\/media?parent=22968"}],"wp:term":[{"taxonomy":"product_brand","embeddable":true,"href":"https:\/\/ewarehousing.nl\/de\/wp-json\/wp\/v2\/product_brand?post=22968"},{"taxonomy":"product_cat","embeddable":true,"href":"https:\/\/ewarehousing.nl\/de\/wp-json\/wp\/v2\/product_cat?post=22968"},{"taxonomy":"product_tag","embeddable":true,"href":"https:\/\/ewarehousing.nl\/de\/wp-json\/wp\/v2\/product_tag?post=22968"}],"curies":[{"name":"wp","href":"https:\/\/api.w.org\/{rel}","templated":true}]}}