{"id":22972,"date":"2022-06-13T13:53:52","date_gmt":"2022-06-13T13:53:52","guid":{"rendered":"https:\/\/ewarehousing.nl\/product\/ewarehousing-hamam-handtuch\/"},"modified":"2022-06-13T13:53:52","modified_gmt":"2022-06-13T13:53:52","slug":"hamam-handdoek-2","status":"publish","type":"product","link":"https:\/\/ewarehousing.nl\/de\/produkt\/hamam-handdoek-2\/","title":{"rendered":"eWarehousing Hamam Handtuch"},"content":{"rendered":"","protected":false},"excerpt":{"rendered":"<p><span style=\"font-weight: 400;\">Sie brauchen schnell ein Handtuch? Dann bestellen Sie dieses Hamam Handtuch bei eWarehousing. Es ist immer praktisch, wenn man es dabei hat, und es nimmt auch nicht zu viel Platz weg, aber es ist sch\u00f6n gro\u00df!<\/span><\/p>\n<ul>\n<li>Kostenloser Versand, Lieferung innerhalb von maximal 1 Arbeitstag!<\/li>\n<li>Nicht zufrieden? Geld zur\u00fcck Garantie.<\/li>\n<li>Kostenlose Retoursendung!<\/li>\n<\/ul>\n","protected":false},"featured_media":22888,"template":"","meta":[],"product_brand":[],"product_cat":[88],"product_tag":[89],"class_list":{"0":"post-22972","1":"product","2":"type-product","3":"status-publish","4":"has-post-thumbnail","6":"product_cat-uncategorized-de","7":"product_tag-ewh-de","9":"first","10":"instock","11":"shipping-taxable","12":"purchasable","13":"product-type-simple"},"yoast_head":"<!-- This site is optimized with the Yoast SEO plugin v27.3 - https:\/\/yoast.com\/product\/yoast-seo-wordpress\/ -->\n<title>eWarehousing Hamam Handtuch - eWarehousing<\/title>\n<meta name=\"robots\" content=\"index, follow, max-snippet:-1, max-image-preview:large, max-video-preview:-1\" \/>\n<link rel=\"canonical\" href=\"https:\/\/ewarehousing.nl\/product\/hamam-handdoek\/\" \/>\n<meta property=\"og:locale\" content=\"de_DE\" \/>\n<meta property=\"og:type\" content=\"article\" \/>\n<meta property=\"og:title\" content=\"eWarehousing Hamam Handtuch - eWarehousing\" \/>\n<meta property=\"og:description\" content=\"Sie brauchen schnell ein Handtuch? Dann bestellen Sie dieses Hamam Handtuch bei eWarehousing. Es ist immer praktisch, wenn man es dabei hat, und es nimmt auch nicht zu viel Platz weg, aber es ist sch\u00f6n gro\u00df!  Kostenloser Versand, Lieferung innerhalb von maximal 1 Arbeitstag!  Nicht zufrieden? Geld zur\u00fcck Garantie.  Kostenlose Retoursendung!\" \/>\n<meta property=\"og:url\" content=\"https:\/\/ewarehousing.nl\/product\/hamam-handdoek\/\" \/>\n<meta property=\"og:site_name\" content=\"eWarehousing\" \/>\n<meta property=\"og:image\" content=\"https:\/\/ewarehousing.nl\/wp-content\/uploads\/2022\/06\/20220704-_CS22086-2.jpg\" \/>\n\t<meta property=\"og:image:width\" content=\"1200\" \/>\n\t<meta property=\"og:image:height\" content=\"1200\" \/>\n\t<meta property=\"og:image:type\" content=\"image\/jpeg\" \/>\n<meta name=\"twitter:card\" content=\"summary_large_image\" \/>\n<script type=\"application\/ld+json\" class=\"yoast-schema-graph\">{\"@context\":\"https:\\\/\\\/schema.org\",\"@graph\":[{\"@type\":\"WebPage\",\"@id\":\"https:\\\/\\\/ewarehousing.nl\\\/product\\\/hamam-handdoek\\\/\",\"url\":\"https:\\\/\\\/ewarehousing.nl\\\/product\\\/hamam-handdoek\\\/\",\"name\":\"eWarehousing Hamam Handtuch - eWarehousing\",\"isPartOf\":{\"@id\":\"https:\\\/\\\/ewarehousing.nl\\\/#website\"},\"primaryImageOfPage\":{\"@id\":\"https:\\\/\\\/ewarehousing.nl\\\/product\\\/hamam-handdoek\\\/#primaryimage\"},\"image\":{\"@id\":\"https:\\\/\\\/ewarehousing.nl\\\/product\\\/hamam-handdoek\\\/#primaryimage\"},\"thumbnailUrl\":\"https:\\\/\\\/ewarehousing.nl\\\/wp-content\\\/uploads\\\/2022\\\/06\\\/20220704-_CS22086-2.jpg\",\"datePublished\":\"2022-06-13T13:53:52+00:00\",\"breadcrumb\":{\"@id\":\"https:\\\/\\\/ewarehousing.nl\\\/product\\\/hamam-handdoek\\\/#breadcrumb\"},\"inLanguage\":\"de\",\"potentialAction\":[{\"@type\":\"ReadAction\",\"target\":[\"https:\\\/\\\/ewarehousing.nl\\\/product\\\/hamam-handdoek\\\/\"]}]},{\"@type\":\"ImageObject\",\"inLanguage\":\"de\",\"@id\":\"https:\\\/\\\/ewarehousing.nl\\\/product\\\/hamam-handdoek\\\/#primaryimage\",\"url\":\"https:\\\/\\\/ewarehousing.nl\\\/wp-content\\\/uploads\\\/2022\\\/06\\\/20220704-_CS22086-2.jpg\",\"contentUrl\":\"https:\\\/\\\/ewarehousing.nl\\\/wp-content\\\/uploads\\\/2022\\\/06\\\/20220704-_CS22086-2.jpg\",\"width\":1200,\"height\":1200},{\"@type\":\"BreadcrumbList\",\"@id\":\"https:\\\/\\\/ewarehousing.nl\\\/product\\\/hamam-handdoek\\\/#breadcrumb\",\"itemListElement\":[{\"@type\":\"ListItem\",\"position\":1,\"name\":\"Home\",\"item\":\"https:\\\/\\\/ewarehousing.nl\\\/de\\\/\"},{\"@type\":\"ListItem\",\"position\":2,\"name\":\"Shop\",\"item\":\"https:\\\/\\\/ewarehousing.nl\\\/de\\\/shop\\\/\"},{\"@type\":\"ListItem\",\"position\":3,\"name\":\"eWarehousing Hamam Handtuch\"}]},{\"@type\":\"WebSite\",\"@id\":\"https:\\\/\\\/ewarehousing.nl\\\/#website\",\"url\":\"https:\\\/\\\/ewarehousing.nl\\\/\",\"name\":\"eWarehousing\",\"description\":\"Uw fulfilment partner\",\"potentialAction\":[{\"@type\":\"SearchAction\",\"target\":{\"@type\":\"EntryPoint\",\"urlTemplate\":\"https:\\\/\\\/ewarehousing.nl\\\/?s={search_term_string}\"},\"query-input\":{\"@type\":\"PropertyValueSpecification\",\"valueRequired\":true,\"valueName\":\"search_term_string\"}}],\"inLanguage\":\"de\"}]}<\/script>\n<!-- \/ Yoast SEO plugin. -->","yoast_head_json":{"title":"eWarehousing Hamam Handtuch - eWarehousing","robots":{"index":"index","follow":"follow","max-snippet":"max-snippet:-1","max-image-preview":"max-image-preview:large","max-video-preview":"max-video-preview:-1"},"canonical":"https:\/\/ewarehousing.nl\/product\/hamam-handdoek\/","og_locale":"de_DE","og_type":"article","og_title":"eWarehousing Hamam Handtuch - eWarehousing","og_description":"Sie brauchen schnell ein Handtuch? Dann bestellen Sie dieses Hamam Handtuch bei eWarehousing. Es ist immer praktisch, wenn man es dabei hat, und es nimmt auch nicht zu viel Platz weg, aber es ist sch\u00f6n gro\u00df!  Kostenloser Versand, Lieferung innerhalb von maximal 1 Arbeitstag!  Nicht zufrieden? Geld zur\u00fcck Garantie.  Kostenlose Retoursendung!","og_url":"https:\/\/ewarehousing.nl\/product\/hamam-handdoek\/","og_site_name":"eWarehousing","og_image":[{"width":1200,"height":1200,"url":"https:\/\/ewarehousing.nl\/wp-content\/uploads\/2022\/06\/20220704-_CS22086-2.jpg","type":"image\/jpeg"}],"twitter_card":"summary_large_image","schema":{"@context":"https:\/\/schema.org","@graph":[{"@type":"WebPage","@id":"https:\/\/ewarehousing.nl\/product\/hamam-handdoek\/","url":"https:\/\/ewarehousing.nl\/product\/hamam-handdoek\/","name":"eWarehousing Hamam Handtuch - eWarehousing","isPartOf":{"@id":"https:\/\/ewarehousing.nl\/#website"},"primaryImageOfPage":{"@id":"https:\/\/ewarehousing.nl\/product\/hamam-handdoek\/#primaryimage"},"image":{"@id":"https:\/\/ewarehousing.nl\/product\/hamam-handdoek\/#primaryimage"},"thumbnailUrl":"https:\/\/ewarehousing.nl\/wp-content\/uploads\/2022\/06\/20220704-_CS22086-2.jpg","datePublished":"2022-06-13T13:53:52+00:00","breadcrumb":{"@id":"https:\/\/ewarehousing.nl\/product\/hamam-handdoek\/#breadcrumb"},"inLanguage":"de","potentialAction":[{"@type":"ReadAction","target":["https:\/\/ewarehousing.nl\/product\/hamam-handdoek\/"]}]},{"@type":"ImageObject","inLanguage":"de","@id":"https:\/\/ewarehousing.nl\/product\/hamam-handdoek\/#primaryimage","url":"https:\/\/ewarehousing.nl\/wp-content\/uploads\/2022\/06\/20220704-_CS22086-2.jpg","contentUrl":"https:\/\/ewarehousing.nl\/wp-content\/uploads\/2022\/06\/20220704-_CS22086-2.jpg","width":1200,"height":1200},{"@type":"BreadcrumbList","@id":"https:\/\/ewarehousing.nl\/product\/hamam-handdoek\/#breadcrumb","itemListElement":[{"@type":"ListItem","position":1,"name":"Home","item":"https:\/\/ewarehousing.nl\/de\/"},{"@type":"ListItem","position":2,"name":"Shop","item":"https:\/\/ewarehousing.nl\/de\/shop\/"},{"@type":"ListItem","position":3,"name":"eWarehousing Hamam Handtuch"}]},{"@type":"WebSite","@id":"https:\/\/ewarehousing.nl\/#website","url":"https:\/\/ewarehousing.nl\/","name":"eWarehousing","description":"Uw fulfilment partner","potentialAction":[{"@type":"SearchAction","target":{"@type":"EntryPoint","urlTemplate":"https:\/\/ewarehousing.nl\/?s={search_term_string}"},"query-input":{"@type":"PropertyValueSpecification","valueRequired":true,"valueName":"search_term_string"}}],"inLanguage":"de"}]}},"_links":{"self":[{"href":"https:\/\/ewarehousing.nl\/de\/wp-json\/wp\/v2\/product\/22972","targetHints":{"allow":["GET"]}}],"collection":[{"href":"https:\/\/ewarehousing.nl\/de\/wp-json\/wp\/v2\/product"}],"about":[{"href":"https:\/\/ewarehousing.nl\/de\/wp-json\/wp\/v2\/types\/product"}],"wp:featuredmedia":[{"embeddable":true,"href":"https:\/\/ewarehousing.nl\/de\/wp-json\/wp\/v2\/media\/22888"}],"wp:attachment":[{"href":"https:\/\/ewarehousing.nl\/de\/wp-json\/wp\/v2\/media?parent=22972"}],"wp:term":[{"taxonomy":"product_brand","embeddable":true,"href":"https:\/\/ewarehousing.nl\/de\/wp-json\/wp\/v2\/product_brand?post=22972"},{"taxonomy":"product_cat","embeddable":true,"href":"https:\/\/ewarehousing.nl\/de\/wp-json\/wp\/v2\/product_cat?post=22972"},{"taxonomy":"product_tag","embeddable":true,"href":"https:\/\/ewarehousing.nl\/de\/wp-json\/wp\/v2\/product_tag?post=22972"}],"curies":[{"name":"wp","href":"https:\/\/api.w.org\/{rel}","templated":true}]}}